{"id":74,"date":"2019-03-07T12:30:06","date_gmt":"2019-03-07T11:30:06","guid":{"rendered":"http:\/\/wpzoom.com\/magnet\/demo\/?page_id=2"},"modified":"2019-03-23T15:13:05","modified_gmt":"2019-03-23T14:13:05","slug":"mi-racconto","status":"publish","type":"page","link":"https:\/\/storiediparodiaquotidiana.com\/en\/mi-racconto","title":{"rendered":"Mi racconto"},"content":{"rendered":"<div class=\"_2cuy _3dgx _2vxa\" style=\"text-align: left;\">Piacere, mi presento, sono Clara.<\/div>\n<div class=\"_2cuy _3dgx _2vxa\" style=\"text-align: left;\">Sono sposata con Claudio, il dotto della famiglia. Lui \u00e8 un tuttologo, dello stampo di Piero Angela ( ma pi\u00f9 sexy come Alberto, a mio parere.). Spesso \u00e8 un insopportabile \u201cso-tutto-io\u201d, affamato di documentari, nonch\u00e9 mio docente personale specializzato in risposte a quesiti spinosi ( fra i quali possiamo citarne uno dei pi\u00f9 emblematici e recenti \u201c il cocco \u00e8 un frutto o un seme?\u201d).<\/div>\n<div class=\"_2cuy _3dgx _2vxa\" style=\"text-align: left;\">E&#8217; il sacro e fiero detentore del segreto Pin del suo bancomat, custode ufficiale del budget familiare, fiscale peggio dei folletti alla Gringott.<\/div>\n<div class=\"_2cuy _3dgx _2vxa\" style=\"text-align: left;\">Lui \u00e8 il gran visir della Crescenza che \u201cper colpa mia scade in frigo\u201d, il maestro del \u201cma quello ti serve proprio?\u201d, il profeta \u201c del vedrai che se fai cos\u00ec quello ti \u201ccade-lo rompi-lo perdi\u201d.<\/div>\n<div class=\"_2cuy _3dgx _2vxa\" style=\"text-align: left;\">Mio marito \u00e8 un uomo molto presente, ma sicuramente assai poco romantico e ci\u00f2 costituisce un bene, credetemi, perch\u00e9 fossimo entrambi come me, saremmo assolutamente una coppia insopportabile.<\/div>\n<div class=\"_2cuy _3dgx _2vxa\" style=\"text-align: left;\">E&#8217; amante dell&#8217;ordine e della pulizia, mentre io sono la regina del caos, nostra signora della confusione.<\/div>\n<div class=\"_2cuy _3dgx _2vxa\" style=\"text-align: left;\">Lui \u00e8 la mia ancora e la mia gioia, il mio equilibrio e la mia disciplina.<\/div>\n<div class=\"_2cuy _3dgx _2vxa\" style=\"text-align: left;\">E&#8217; abituato e quindi del tutto indifferente alle mie frequenti (e perlopi\u00f9 totalmente immotivate) scenate drammatiche, alla mia ansia e al mio scarso autocontrollo.<\/div>\n<div class=\"_2cuy _3dgx _2vxa\" style=\"text-align: left;\">Da questo grande amore, suggellato da un matrimonio celebrato in un giorno piovoso dove lui era acconciato come Bobby Solo ed io avviluppata in un vestito dalla quale spuntavano involontariamente e poco dignitosamente abbondanti centimetri di seno e di bicipiti bianchicci, \u00e8 stata generata una bambina, Lea, la nostra amata primogenita.<\/div>\n<div class=\"_2cuy _3dgx _2vxa\" style=\"text-align: left;\">In questo spazio scrivo Storie che chiamo di \u201c Parodia Quotidiana\u201d: racconti ironici e veri, di normalissima quotidianit\u00e0.<\/div>\n<div class=\"_2cuy _3dgx _2vxa\" style=\"text-align: left;\">Adoro scrivere e ridere: con Storie di Parodia Quotidiana ho voluto unire queste due grandi passioni.<\/div>","protected":false},"excerpt":{"rendered":"<p>Piacere, mi presento, sono Clara. Sono sposata con Claudio, il dotto della famiglia. Lui \u00e8 un tuttologo, dello stampo di Piero Angela ( ma pi\u00f9 sexy come Alberto, a mio parere.). Spesso \u00e8 un insopportabile \u201cso-tutto-io\u201d, affamato di documentari, nonch\u00e9 mio docente personale specializzato in risposte a quesiti spinosi ( [&hellip;]<\/p>","protected":false},"author":1,"featured_media":6193,"parent":0,"menu_order":0,"comment_status":"closed","ping_status":"closed","template":"","meta":{"footnotes":""},"class_list":["post-74","page","type-page","status-publish","has-post-thumbnail","hentry"],"yoast_head":"<!-- This site is optimized with the Yoast SEO plugin v25.5 - https:\/\/yoast.com\/wordpress\/plugins\/seo\/ -->\n<title>Mi racconto - Storie di Parodia Quotidiana<\/title>\n<meta name=\"robots\" content=\"index, follow, max-snippet:-1, max-image-preview:large, max-video-preview:-1\" \/>\n<link rel=\"canonical\" href=\"https:\/\/storiediparodiaquotidiana.com\/en\/mi-racconto\/\" \/>\n<meta property=\"og:locale\" content=\"en_US\" \/>\n<meta property=\"og:type\" content=\"article\" \/>\n<meta property=\"og:title\" content=\"Mi racconto - Storie di Parodia Quotidiana\" \/>\n<meta property=\"og:description\" content=\"Piacere, mi presento, sono Clara. Sono sposata con Claudio, il dotto della famiglia. Lui \u00e8 un tuttologo, dello stampo di Piero Angela ( ma pi\u00f9 sexy come Alberto, a mio parere.). Spesso \u00e8 un insopportabile \u201cso-tutto-io\u201d, affamato di documentari, nonch\u00e9 mio docente personale specializzato in risposte a quesiti spinosi ( [&hellip;]\" \/>\n<meta property=\"og:url\" content=\"https:\/\/storiediparodiaquotidiana.com\/en\/mi-racconto\/\" \/>\n<meta property=\"og:site_name\" content=\"Storie di Parodia Quotidiana\" \/>\n<meta property=\"article:publisher\" content=\"https:\/\/www.facebook.com\/storiediparodiaquotidiana\/\" \/>\n<meta property=\"article:modified_time\" content=\"2019-03-23T14:13:05+00:00\" \/>\n<meta property=\"og:image\" content=\"https:\/\/storiediparodiaquotidiana.com\/wp-content\/uploads\/2019\/03\/parodia-quotidiana-ciao.jpg\" \/>\n\t<meta property=\"og:image:width\" content=\"640\" \/>\n\t<meta property=\"og:image:height\" content=\"360\" \/>\n\t<meta property=\"og:image:type\" content=\"image\/jpeg\" \/>\n<meta name=\"twitter:card\" content=\"summary_large_image\" \/>\n<meta name=\"twitter:label1\" content=\"Est. reading time\" \/>\n\t<meta name=\"twitter:data1\" content=\"1 minute\" \/>\n<script type=\"application\/ld+json\" class=\"yoast-schema-graph\">{\"@context\":\"https:\/\/schema.org\",\"@graph\":[{\"@type\":\"WebPage\",\"@id\":\"https:\/\/storiediparodiaquotidiana.com\/mi-racconto\",\"url\":\"https:\/\/storiediparodiaquotidiana.com\/mi-racconto\",\"name\":\"Mi racconto - Storie di Parodia Quotidiana\",\"isPartOf\":{\"@id\":\"https:\/\/www.storiediparodiaquotidiana.com\/en\/#website\"},\"primaryImageOfPage\":{\"@id\":\"https:\/\/storiediparodiaquotidiana.com\/mi-racconto#primaryimage\"},\"image\":{\"@id\":\"https:\/\/storiediparodiaquotidiana.com\/mi-racconto#primaryimage\"},\"thumbnailUrl\":\"https:\/\/storiediparodiaquotidiana.com\/wp-content\/uploads\/2019\/03\/parodia-quotidiana-ciao.jpg\",\"datePublished\":\"2019-03-07T11:30:06+00:00\",\"dateModified\":\"2019-03-23T14:13:05+00:00\",\"breadcrumb\":{\"@id\":\"https:\/\/storiediparodiaquotidiana.com\/mi-racconto#breadcrumb\"},\"inLanguage\":\"en-US\",\"potentialAction\":[{\"@type\":\"ReadAction\",\"target\":[\"https:\/\/storiediparodiaquotidiana.com\/mi-racconto\"]}]},{\"@type\":\"ImageObject\",\"inLanguage\":\"en-US\",\"@id\":\"https:\/\/storiediparodiaquotidiana.com\/mi-racconto#primaryimage\",\"url\":\"https:\/\/storiediparodiaquotidiana.com\/wp-content\/uploads\/2019\/03\/parodia-quotidiana-ciao.jpg\",\"contentUrl\":\"https:\/\/storiediparodiaquotidiana.com\/wp-content\/uploads\/2019\/03\/parodia-quotidiana-ciao.jpg\",\"width\":640,\"height\":360},{\"@type\":\"BreadcrumbList\",\"@id\":\"https:\/\/storiediparodiaquotidiana.com\/mi-racconto#breadcrumb\",\"itemListElement\":[{\"@type\":\"ListItem\",\"position\":1,\"name\":\"Home\",\"item\":\"https:\/\/www.storiediparodiaquotidiana.com\/en\"},{\"@type\":\"ListItem\",\"position\":2,\"name\":\"Mi racconto\"}]},{\"@type\":\"WebSite\",\"@id\":\"https:\/\/www.storiediparodiaquotidiana.com\/en\/#website\",\"url\":\"https:\/\/www.storiediparodiaquotidiana.com\/en\/\",\"name\":\"Storie di Parodia Quotidiana\",\"description\":\"Clara Guareschi\",\"potentialAction\":[{\"@type\":\"SearchAction\",\"target\":{\"@type\":\"EntryPoint\",\"urlTemplate\":\"https:\/\/www.storiediparodiaquotidiana.com\/en\/?s={search_term_string}\"},\"query-input\":{\"@type\":\"PropertyValueSpecification\",\"valueRequired\":true,\"valueName\":\"search_term_string\"}}],\"inLanguage\":\"en-US\"}]}<\/script>\n<!-- \/ Yoast SEO plugin. -->","yoast_head_json":{"title":"Mi racconto - Storie di Parodia Quotidiana","robots":{"index":"index","follow":"follow","max-snippet":"max-snippet:-1","max-image-preview":"max-image-preview:large","max-video-preview":"max-video-preview:-1"},"canonical":"https:\/\/storiediparodiaquotidiana.com\/en\/mi-racconto\/","og_locale":"en_US","og_type":"article","og_title":"Mi racconto - Storie di Parodia Quotidiana","og_description":"Piacere, mi presento, sono Clara. Sono sposata con Claudio, il dotto della famiglia. Lui \u00e8 un tuttologo, dello stampo di Piero Angela ( ma pi\u00f9 sexy come Alberto, a mio parere.). Spesso \u00e8 un insopportabile \u201cso-tutto-io\u201d, affamato di documentari, nonch\u00e9 mio docente personale specializzato in risposte a quesiti spinosi ( [&hellip;]","og_url":"https:\/\/storiediparodiaquotidiana.com\/en\/mi-racconto\/","og_site_name":"Storie di Parodia Quotidiana","article_publisher":"https:\/\/www.facebook.com\/storiediparodiaquotidiana\/","article_modified_time":"2019-03-23T14:13:05+00:00","og_image":[{"width":640,"height":360,"url":"https:\/\/storiediparodiaquotidiana.com\/wp-content\/uploads\/2019\/03\/parodia-quotidiana-ciao.jpg","type":"image\/jpeg"}],"twitter_card":"summary_large_image","twitter_misc":{"Est. reading time":"1 minute"},"schema":{"@context":"https:\/\/schema.org","@graph":[{"@type":"WebPage","@id":"https:\/\/storiediparodiaquotidiana.com\/mi-racconto","url":"https:\/\/storiediparodiaquotidiana.com\/mi-racconto","name":"Mi racconto - Storie di Parodia Quotidiana","isPartOf":{"@id":"https:\/\/www.storiediparodiaquotidiana.com\/en\/#website"},"primaryImageOfPage":{"@id":"https:\/\/storiediparodiaquotidiana.com\/mi-racconto#primaryimage"},"image":{"@id":"https:\/\/storiediparodiaquotidiana.com\/mi-racconto#primaryimage"},"thumbnailUrl":"https:\/\/storiediparodiaquotidiana.com\/wp-content\/uploads\/2019\/03\/parodia-quotidiana-ciao.jpg","datePublished":"2019-03-07T11:30:06+00:00","dateModified":"2019-03-23T14:13:05+00:00","breadcrumb":{"@id":"https:\/\/storiediparodiaquotidiana.com\/mi-racconto#breadcrumb"},"inLanguage":"en-US","potentialAction":[{"@type":"ReadAction","target":["https:\/\/storiediparodiaquotidiana.com\/mi-racconto"]}]},{"@type":"ImageObject","inLanguage":"en-US","@id":"https:\/\/storiediparodiaquotidiana.com\/mi-racconto#primaryimage","url":"https:\/\/storiediparodiaquotidiana.com\/wp-content\/uploads\/2019\/03\/parodia-quotidiana-ciao.jpg","contentUrl":"https:\/\/storiediparodiaquotidiana.com\/wp-content\/uploads\/2019\/03\/parodia-quotidiana-ciao.jpg","width":640,"height":360},{"@type":"BreadcrumbList","@id":"https:\/\/storiediparodiaquotidiana.com\/mi-racconto#breadcrumb","itemListElement":[{"@type":"ListItem","position":1,"name":"Home","item":"https:\/\/www.storiediparodiaquotidiana.com\/en"},{"@type":"ListItem","position":2,"name":"Mi racconto"}]},{"@type":"WebSite","@id":"https:\/\/www.storiediparodiaquotidiana.com\/en\/#website","url":"https:\/\/www.storiediparodiaquotidiana.com\/en\/","name":"Storie di Parodia Quotidiana","description":"Clara Guareschi","potentialAction":[{"@type":"SearchAction","target":{"@type":"EntryPoint","urlTemplate":"https:\/\/www.storiediparodiaquotidiana.com\/en\/?s={search_term_string}"},"query-input":{"@type":"PropertyValueSpecification","valueRequired":true,"valueName":"search_term_string"}}],"inLanguage":"en-US"}]}},"_links":{"self":[{"href":"https:\/\/storiediparodiaquotidiana.com\/en\/wp-json\/wp\/v2\/pages\/74","targetHints":{"allow":["GET"]}}],"collection":[{"href":"https:\/\/storiediparodiaquotidiana.com\/en\/wp-json\/wp\/v2\/pages"}],"about":[{"href":"https:\/\/storiediparodiaquotidiana.com\/en\/wp-json\/wp\/v2\/types\/page"}],"author":[{"embeddable":true,"href":"https:\/\/storiediparodiaquotidiana.com\/en\/wp-json\/wp\/v2\/users\/1"}],"replies":[{"embeddable":true,"href":"https:\/\/storiediparodiaquotidiana.com\/en\/wp-json\/wp\/v2\/comments?post=74"}],"version-history":[{"count":0,"href":"https:\/\/storiediparodiaquotidiana.com\/en\/wp-json\/wp\/v2\/pages\/74\/revisions"}],"wp:featuredmedia":[{"embeddable":true,"href":"https:\/\/storiediparodiaquotidiana.com\/en\/wp-json\/wp\/v2\/media\/6193"}],"wp:attachment":[{"href":"https:\/\/storiediparodiaquotidiana.com\/en\/wp-json\/wp\/v2\/media?parent=74"}],"curies":[{"name":"wp","href":"https:\/\/api.w.org\/{rel}","templated":true}]}}